{"id":8,"date":"2023-12-27T15:52:38","date_gmt":"2023-12-27T15:52:38","guid":{"rendered":"https:\/\/proyectonorte.com.ar\/praderas-san-lorenzo\/?page_id=8"},"modified":"2024-03-19T12:41:23","modified_gmt":"2024-03-19T12:41:23","slug":"inicio","status":"publish","type":"page","link":"https:\/\/proyectonorte.com.ar\/praderas-san-lorenzo\/","title":{"rendered":"Inicio"},"content":{"rendered":"\t\t<div data-elementor-type=\"wp-post\" data-elementor-id=\"8\" class=\"elementor elementor-8\" data-elementor-post-type=\"page\">\n\t\t\t\t<div class=\"elementor-element elementor-element-009caab e-con-full e-flex e-con e-parent\" data-id=\"009caab\" data-element_type=\"container\">\n\t\t\t\t<div class=\"elementor-element elementor-element-260006d slider-home elementor--h-position-left elementor--v-position-middle elementor-arrows-position-inside elementor-widget elementor-widget-slides\" data-id=\"260006d\" data-element_type=\"widget\" data-settings=\"{&quot;navigation&quot;:&quot;arrows&quot;,&quot;autoplay&quot;:&quot;yes&quot;,&quot;pause_on_hover&quot;:&quot;yes&quot;,&quot;pause_on_interaction&quot;:&quot;yes&quot;,&quot;autoplay_speed&quot;:5000,&quot;infinite&quot;:&quot;yes&quot;,&quot;transition&quot;:&quot;slide&quot;,&quot;transition_speed&quot;:500}\" data-widget_type=\"slides.default\">\n\t\t\t\t<div class=\"elementor-widget-container\">\n\t\t\t\t\t\t\t\t\t<div class=\"elementor-swiper\">\n\t\t\t\t\t<div class=\"elementor-slides-wrapper elementor-main-swiper swiper\" role=\"region\" aria-roledescription=\"carousel\" aria-label=\"Slides\" dir=\"ltr\" data-animation=\"fadeInUp\">\n\t\t\t\t<div class=\"swiper-wrapper elementor-slides\">\n\t\t\t\t\t\t\t\t\t\t<div class=\"elementor-repeater-item-0b13ff5 swiper-slide\" role=\"group\" aria-roledescription=\"slide\"><div class=\"swiper-slide-bg\" role=\"img\"><\/div><div class=\"elementor-background-overlay\"><\/div><a class=\"swiper-slide-inner\" href=\"#avances-de-obra\" target=\"_blank\"><div class=\"swiper-slide-contents\"><div class=\"elementor-slide-heading\">URBANIZACIONES<\/div><div class=\"elementor-slide-description\">PRADERAS DE SAN LORENZO<\/div><\/div><\/a><\/div>\t\t\t\t<\/div>\n\t\t\t\t\t\t\t<\/div>\n\t\t\t\t<\/div>\n\t\t\t\t\t\t\t\t<\/div>\n\t\t\t\t<\/div>\n\t\t\t\t<div class=\"elementor-element elementor-element-6dfec74 elementor-absolute elementor-widget elementor-widget-heading\" data-id=\"6dfec74\" data-element_type=\"widget\" data-settings=\"{&quot;_position&quot;:&quot;absolute&quot;}\" data-widget_type=\"heading.default\">\n\t\t\t\t<div class=\"elementor-widget-container\">\n\t\t\t\t\t<h2 class=\"elementor-heading-title elementor-size-default\">entrega <strong>2010<\/strong><\/h2>\t\t\t\t<\/div>\n\t\t\t\t<\/div>\n\t\t\t\t<\/div>\n\t\t<div class=\"elementor-element elementor-element-1cd63c0 e-flex e-con-boxed e-con e-parent\" data-id=\"1cd63c0\" data-element_type=\"container\" data-settings=\"{&quot;background_background&quot;:&quot;classic&quot;}\">\n\t\t\t\t\t<div class=\"e-con-inner\">\n\t\t\t\t<div class=\"elementor-element elementor-element-2967006 elementor-widget elementor-widget-spacer\" data-id=\"2967006\" data-element_type=\"widget\" data-widget_type=\"spacer.default\">\n\t\t\t\t<div class=\"elementor-widget-container\">\n\t\t\t\t\t\t\t<div class=\"elementor-spacer\">\n\t\t\t<div class=\"elementor-spacer-inner\"><\/div>\n\t\t<\/div>\n\t\t\t\t\t\t<\/div>\n\t\t\t\t<\/div>\n\t\t\t\t\t<\/div>\n\t\t\t\t<\/div>\n\t\t<div class=\"elementor-element elementor-element-7e38764 e-flex e-con-boxed elementor-invisible e-con e-parent\" data-id=\"7e38764\" data-element_type=\"container\" id=\"servicios\" data-settings=\"{&quot;animation&quot;:&quot;fadeInUp&quot;,&quot;background_background&quot;:&quot;classic&quot;}\">\n\t\t\t\t\t<div class=\"e-con-inner\">\n\t\t\t\t<div class=\"elementor-element elementor-element-42461b9 elementor-widget elementor-widget-heading\" data-id=\"42461b9\" data-element_type=\"widget\" data-widget_type=\"heading.default\">\n\t\t\t\t<div class=\"elementor-widget-container\">\n\t\t\t\t\t<h2 class=\"elementor-heading-title elementor-size-default\">SERVICIOS<\/h2>\t\t\t\t<\/div>\n\t\t\t\t<\/div>\n\t\t<div class=\"elementor-element elementor-element-000e17b e-con-full e-flex e-con e-child\" data-id=\"000e17b\" data-element_type=\"container\">\n\t\t<div class=\"elementor-element elementor-element-d752892 e-con-full e-flex e-con e-child\" data-id=\"d752892\" data-element_type=\"container\">\n\t\t\t\t<div class=\"elementor-element elementor-element-b23528c elementor-widget elementor-widget-image\" data-id=\"b23528c\" data-element_type=\"widget\" data-widget_type=\"image.default\">\n\t\t\t\t<div class=\"elementor-widget-container\">\n\t\t\t\t\t\t\t\t\t\t\t\t\t\t\t<img decoding=\"async\" width=\"73\" height=\"73\" src=\"https:\/\/proyectonorte.com.ar\/praderas-san-lorenzo\/wp-content\/uploads\/2024\/02\/Icon29.svg\" class=\"attachment-full size-full wp-image-842\" alt=\"\" \/>\t\t\t\t\t\t\t\t\t\t\t\t\t\t\t<\/div>\n\t\t\t\t<\/div>\n\t\t\t\t<div class=\"elementor-element elementor-element-5073d06 elementor-widget elementor-widget-text-editor\" data-id=\"5073d06\" data-element_type=\"widget\" data-widget_type=\"text-editor.default\">\n\t\t\t\t<div class=\"elementor-widget-container\">\n\t\t\t\t\t\t\t\t\t<p>TENDIDO DE<br \/>GAS NATURAL<\/p>\t\t\t\t\t\t\t\t<\/div>\n\t\t\t\t<\/div>\n\t\t\t\t<\/div>\n\t\t<div class=\"elementor-element elementor-element-2ab552d e-con-full e-flex e-con e-child\" data-id=\"2ab552d\" data-element_type=\"container\">\n\t\t\t\t<div class=\"elementor-element elementor-element-15e4a61 elementor-widget elementor-widget-image\" data-id=\"15e4a61\" data-element_type=\"widget\" data-widget_type=\"image.default\">\n\t\t\t\t<div class=\"elementor-widget-container\">\n\t\t\t\t\t\t\t\t\t\t\t\t\t\t\t<img decoding=\"async\" width=\"73\" height=\"73\" src=\"https:\/\/proyectonorte.com.ar\/praderas-san-lorenzo\/wp-content\/uploads\/2024\/02\/Icon36.svg\" class=\"attachment-full size-full wp-image-849\" alt=\"\" \/>\t\t\t\t\t\t\t\t\t\t\t\t\t\t\t<\/div>\n\t\t\t\t<\/div>\n\t\t\t\t<div class=\"elementor-element elementor-element-fa8a0d8 elementor-widget elementor-widget-text-editor\" data-id=\"fa8a0d8\" data-element_type=\"widget\" data-widget_type=\"text-editor.default\">\n\t\t\t\t<div class=\"elementor-widget-container\">\n\t\t\t\t\t\t\t\t\t<p>JUEGOS <br \/>INFANTILES<\/p>\t\t\t\t\t\t\t\t<\/div>\n\t\t\t\t<\/div>\n\t\t\t\t<\/div>\n\t\t<div class=\"elementor-element elementor-element-93c3895 e-con-full e-flex e-con e-child\" data-id=\"93c3895\" data-element_type=\"container\">\n\t\t\t\t<div class=\"elementor-element elementor-element-8c6c537 elementor-widget elementor-widget-image\" data-id=\"8c6c537\" data-element_type=\"widget\" data-widget_type=\"image.default\">\n\t\t\t\t<div class=\"elementor-widget-container\">\n\t\t\t\t\t\t\t\t\t\t\t\t\t\t\t<img decoding=\"async\" width=\"73\" height=\"73\" src=\"https:\/\/proyectonorte.com.ar\/praderas-san-lorenzo\/wp-content\/uploads\/2024\/02\/Icon8.svg\" class=\"attachment-full size-full wp-image-874\" alt=\"\" \/>\t\t\t\t\t\t\t\t\t\t\t\t\t\t\t<\/div>\n\t\t\t\t<\/div>\n\t\t\t\t<div class=\"elementor-element elementor-element-97daed1 elementor-widget elementor-widget-text-editor\" data-id=\"97daed1\" data-element_type=\"widget\" data-widget_type=\"text-editor.default\">\n\t\t\t\t<div class=\"elementor-widget-container\">\n\t\t\t\t\t\t\t\t\t<p>SISTEMA DE SEPARACI\u00d3N Y<br \/>GESTI\u00d3N DE RESIDUOS<\/p>\t\t\t\t\t\t\t\t<\/div>\n\t\t\t\t<\/div>\n\t\t\t\t<\/div>\n\t\t\t\t<\/div>\n\t\t<div class=\"elementor-element elementor-element-de9de08 e-con-full e-flex e-con e-child\" data-id=\"de9de08\" data-element_type=\"container\">\n\t\t<div class=\"elementor-element elementor-element-1d5b29f e-con-full e-flex e-con e-child\" data-id=\"1d5b29f\" data-element_type=\"container\">\n\t\t\t\t<div class=\"elementor-element elementor-element-d22bfc2 elementor-widget elementor-widget-image\" data-id=\"d22bfc2\" data-element_type=\"widget\" data-widget_type=\"image.default\">\n\t\t\t\t<div class=\"elementor-widget-container\">\n\t\t\t\t\t\t\t\t\t\t\t\t\t\t\t<img loading=\"lazy\" decoding=\"async\" width=\"73\" height=\"73\" src=\"https:\/\/proyectonorte.com.ar\/praderas-san-lorenzo\/wp-content\/uploads\/2024\/02\/Icon38.svg\" class=\"attachment-full size-full wp-image-851\" alt=\"\" \/>\t\t\t\t\t\t\t\t\t\t\t\t\t\t\t<\/div>\n\t\t\t\t<\/div>\n\t\t\t\t<div class=\"elementor-element elementor-element-7846f96 elementor-widget elementor-widget-text-editor\" data-id=\"7846f96\" data-element_type=\"widget\" data-widget_type=\"text-editor.default\">\n\t\t\t\t<div class=\"elementor-widget-container\">\n\t\t\t\t\t\t\t\t\t<p>TRITUBO PARA<br \/>RED DE DATOS<\/p>\t\t\t\t\t\t\t\t<\/div>\n\t\t\t\t<\/div>\n\t\t\t\t<\/div>\n\t\t<div class=\"elementor-element elementor-element-5456e00 e-con-full e-flex e-con e-child\" data-id=\"5456e00\" data-element_type=\"container\">\n\t\t\t\t<div class=\"elementor-element elementor-element-8b657b6 elementor-widget elementor-widget-image\" data-id=\"8b657b6\" data-element_type=\"widget\" data-widget_type=\"image.default\">\n\t\t\t\t<div class=\"elementor-widget-container\">\n\t\t\t\t\t\t\t\t\t\t\t\t\t\t\t<img loading=\"lazy\" decoding=\"async\" width=\"73\" height=\"73\" src=\"https:\/\/proyectonorte.com.ar\/praderas-san-lorenzo\/wp-content\/uploads\/2024\/02\/Icon6.svg\" class=\"attachment-full size-full wp-image-872\" alt=\"\" \/>\t\t\t\t\t\t\t\t\t\t\t\t\t\t\t<\/div>\n\t\t\t\t<\/div>\n\t\t\t\t<div class=\"elementor-element elementor-element-30b91dd elementor-widget elementor-widget-text-editor\" data-id=\"30b91dd\" data-element_type=\"widget\" data-widget_type=\"text-editor.default\">\n\t\t\t\t<div class=\"elementor-widget-container\">\n\t\t\t\t\t\t\t\t\t<p>ESPACIOS COMUNES<br \/>PARQUIZADOS<\/p>\t\t\t\t\t\t\t\t<\/div>\n\t\t\t\t<\/div>\n\t\t\t\t<\/div>\n\t\t<div class=\"elementor-element elementor-element-b039e61 e-con-full e-flex e-con e-child\" data-id=\"b039e61\" data-element_type=\"container\">\n\t\t\t\t<div class=\"elementor-element elementor-element-84629a0 elementor-widget elementor-widget-image\" data-id=\"84629a0\" data-element_type=\"widget\" data-widget_type=\"image.default\">\n\t\t\t\t<div class=\"elementor-widget-container\">\n\t\t\t\t\t\t\t\t\t\t\t\t\t\t\t<img loading=\"lazy\" decoding=\"async\" width=\"73\" height=\"73\" src=\"https:\/\/proyectonorte.com.ar\/praderas-san-lorenzo\/wp-content\/uploads\/2024\/02\/Icon28.svg\" class=\"attachment-full size-full wp-image-841\" alt=\"\" \/>\t\t\t\t\t\t\t\t\t\t\t\t\t\t\t<\/div>\n\t\t\t\t<\/div>\n\t\t\t\t<div class=\"elementor-element elementor-element-bcc60d1 elementor-widget elementor-widget-text-editor\" data-id=\"bcc60d1\" data-element_type=\"widget\" data-widget_type=\"text-editor.default\">\n\t\t\t\t<div class=\"elementor-widget-container\">\n\t\t\t\t\t\t\t\t\t<p>PORTER\u00cdA DE ACCESO CON <br \/>CONTROL DE INGRESO<\/p>\t\t\t\t\t\t\t\t<\/div>\n\t\t\t\t<\/div>\n\t\t\t\t<\/div>\n\t\t\t\t<\/div>\n\t\t\t\t\t<\/div>\n\t\t\t\t<\/div>\n\t\t<div class=\"elementor-element elementor-element-3b9dbc0 e-flex e-con-boxed e-con e-parent\" data-id=\"3b9dbc0\" data-element_type=\"container\" data-settings=\"{&quot;background_background&quot;:&quot;classic&quot;}\">\n\t\t\t\t\t<div class=\"e-con-inner\">\n\t\t<div class=\"elementor-element elementor-element-910414e e-con-full e-flex elementor-invisible e-con e-child\" data-id=\"910414e\" data-element_type=\"container\" data-settings=\"{&quot;animation&quot;:&quot;fadeInUp&quot;}\">\n\t\t\t\t<div class=\"elementor-element elementor-element-7af7e9a elementor-widget elementor-widget-heading\" data-id=\"7af7e9a\" data-element_type=\"widget\" data-widget_type=\"heading.default\">\n\t\t\t\t<div class=\"elementor-widget-container\">\n\t\t\t\t\t<h2 class=\"elementor-heading-title elementor-size-default\">VIV\u00cd CON EST\u00c1NDARES DE CALIDAD INSUPERABLES.<\/h2>\t\t\t\t<\/div>\n\t\t\t\t<\/div>\n\t\t\t\t<div class=\"elementor-element elementor-element-2acbeb8 elementor-widget elementor-widget-text-editor\" data-id=\"2acbeb8\" data-element_type=\"widget\" data-widget_type=\"text-editor.default\">\n\t\t\t\t<div class=\"elementor-widget-container\">\n\t\t\t\t\t\t\t\t\t<p>Praderas incluye los m\u00e1s altos est\u00e1ndares de calidad, seguridad y servicios para brindar confort a los usuarios m\u00e1s exigentes.<\/p><p>Este club de campo cuenta con Club House, gimnasio, piletas con sol\u00e1rium, canchas de tenis, f\u00fatbol y quinchos, grandes espacios verdes y lagunas para el uso de los socios.<\/p>\t\t\t\t\t\t\t\t<\/div>\n\t\t\t\t<\/div>\n\t\t\t\t<div class=\"elementor-element elementor-element-b1d32dc elementor-hidden-desktop elementor-hidden-tablet elementor-hidden-mobile elementor-widget elementor-widget-button\" data-id=\"b1d32dc\" data-element_type=\"widget\" data-widget_type=\"button.default\">\n\t\t\t\t<div class=\"elementor-widget-container\">\n\t\t\t\t\t\t\t\t\t<div class=\"elementor-button-wrapper\">\n\t\t\t\t\t<a class=\"elementor-button elementor-button-link elementor-size-sm elementor-animation-grow\" href=\"https:\/\/proyectonorte.com.ar\/praderas-san-lorenzo\/wp-content\/uploads\/2024\/01\/Folleto-Digital-elretiro.pdf\" target=\"_blank\">\n\t\t\t\t\t\t<span class=\"elementor-button-content-wrapper\">\n\t\t\t\t\t\t\t\t\t<span class=\"elementor-button-text\">Descargar brochure<\/span>\n\t\t\t\t\t<\/span>\n\t\t\t\t\t<\/a>\n\t\t\t\t<\/div>\n\t\t\t\t\t\t\t\t<\/div>\n\t\t\t\t<\/div>\n\t\t\t\t<\/div>\n\t\t<div class=\"elementor-element elementor-element-ee2ab2e e-con-full e-flex elementor-invisible e-con e-child\" data-id=\"ee2ab2e\" data-element_type=\"container\" data-settings=\"{&quot;animation&quot;:&quot;fadeInUp&quot;}\">\n\t\t\t\t<div class=\"elementor-element elementor-element-a42823f elementor-invisible elementor-widget elementor-widget-image\" data-id=\"a42823f\" data-element_type=\"widget\" data-settings=\"{&quot;_animation&quot;:&quot;fadeInUp&quot;}\" data-widget_type=\"image.default\">\n\t\t\t\t<div class=\"elementor-widget-container\">\n\t\t\t\t\t\t\t\t\t\t\t\t\t\t\t<img loading=\"lazy\" decoding=\"async\" width=\"724\" height=\"546\" src=\"https:\/\/proyectonorte.com.ar\/praderas-san-lorenzo\/wp-content\/uploads\/2024\/02\/Recurso-1.webp\" class=\"attachment-full size-full wp-image-889\" alt=\"\" srcset=\"https:\/\/proyectonorte.com.ar\/praderas-san-lorenzo\/wp-content\/uploads\/2024\/02\/Recurso-1.webp 724w, https:\/\/proyectonorte.com.ar\/praderas-san-lorenzo\/wp-content\/uploads\/2024\/02\/Recurso-1-300x226.webp 300w\" sizes=\"(max-width: 724px) 100vw, 724px\" \/>\t\t\t\t\t\t\t\t\t\t\t\t\t\t\t<\/div>\n\t\t\t\t<\/div>\n\t\t\t\t<\/div>\n\t\t\t\t\t<\/div>\n\t\t\t\t<\/div>\n\t\t<div class=\"elementor-element elementor-element-db9ffb4 e-flex e-con-boxed e-con e-parent\" data-id=\"db9ffb4\" data-element_type=\"container\" id=\"imagenes\">\n\t\t\t\t\t<div class=\"e-con-inner\">\n\t\t\t\t<div class=\"elementor-element elementor-element-27079e9 elementor-invisible elementor-widget elementor-widget-ucaddon_owl_sliding_thumbs_gallery\" data-id=\"27079e9\" data-element_type=\"widget\" data-settings=\"{&quot;_animation&quot;:&quot;fadeInUp&quot;}\" data-widget_type=\"ucaddon_owl_sliding_thumbs_gallery.default\">\n\t\t\t\t<div class=\"elementor-widget-container\">\n\t\t\t\t\t<!-- start Thumbnail Slider -->\n\t\t<link id='font-awesome-css' href='https:\/\/proyectonorte.com.ar\/praderas-san-lorenzo\/wp-content\/plugins\/unlimited-elements-for-elementor-premium\/assets_libraries\/font-awesome5\/css\/fontawesome-all.min.css' type='text\/css' rel='stylesheet' >\n\t\t<link id='font-awesome-4-shim-css' href='https:\/\/proyectonorte.com.ar\/praderas-san-lorenzo\/wp-content\/plugins\/unlimited-elements-for-elementor-premium\/assets_libraries\/font-awesome5\/css\/fontawesome-v4-shims.css' type='text\/css' rel='stylesheet' >\n\t\t<link id='owl-carousel-css' href='https:\/\/proyectonorte.com.ar\/praderas-san-lorenzo\/wp-content\/plugins\/unlimited-elements-for-elementor-premium\/assets_libraries\/owl-carousel-new\/assets\/owl.carousel.css' type='text\/css' rel='stylesheet' >\n\n\t\t\t<style type=\"text\/css\">\/* widget: Thumbnail Slider *\/\n\n#uc_owl_sliding_thumbs_gallery_elementor_27079e9{\n  min-height:1px;\n}\n\n#uc_owl_sliding_thumbs_gallery_elementor_27079e9 .owl-carousel .owl-wrapper-outer {\n direction: ltr;\n}\n\n#uc_owl_sliding_thumbs_gallery_elementor_27079e9 .owl-carousel .owl-item {\n}\n\n#uc_owl_sliding_thumbs_gallery_elementor_27079e9 .owl-theme .owl-controls .owl-buttons div {\n    color: black;\n    display: inline-block;\n    \/* zoom: 1; *\/\n    *: ;\n    display: inline;\n    font-size: 12px;\n    border-radius: 30px; \n    background: #869791; \n    filter: Alpha(Opacity=50);\n    opacity: 0.5;\n    border-style: solid;\n    border-width: 1px;\n}\n\n#uc_owl_sliding_thumbs_gallery_elementor_27079e9 .uc-carousel-sync1 .item{\n    color: #FFF;\n    text-align: center;\n    overflow:hidden;\n   \n}\n#uc_owl_sliding_thumbs_gallery_elementor_27079e9 .uc-carousel-sync2 .item{\n    color: #FFF;\n    text-align: center;\n    cursor: pointer;\n}\n\n.itemTitle\n{\n  font-size:32px;\n}\n\n\n#uc_owl_sliding_thumbs_gallery_elementor_27079e9 .itemLink a\n{\n  display:inline-block;\n  text-align:center;\n  text-decoration:none;\n  transition:0.3s;\n}\n\n#uc_owl_sliding_thumbs_gallery_elementor_27079e9 .uc-carousel-slider-thumbs-wrapper .owl-item\n{\n  opacity:;\n}\n\n\n#uc_owl_sliding_thumbs_gallery_elementor_27079e9 .uc-carousel-slider-thumbs-wrapper .owl-item.synced\n{\n  opacity:1;\n}\n\n#uc_owl_sliding_thumbs_gallery_elementor_27079e9 .ue-item-overlay\n{\n  position:absolute;\n  top:0;\n  bottom:0;\n  left:0;\n  right:0;\n  width:100%;\n  height:100%;\n  z-index:0;\n}\n\n#uc_owl_sliding_thumbs_gallery_elementor_27079e9 .ue-item-container\n{\n  position:relative;\n}\n\n#uc_owl_sliding_thumbs_gallery_elementor_27079e9 .ue-thumb\n{\n  display:flex;\n  justify-content:center;\n  align-items:center;\n}\n\n.itemThumbTitle\n{\n  transition:0.3s;\n}\n\n\n\n#uc_owl_sliding_thumbs_gallery_elementor_27079e9 .owl-nav .owl-prev{\n    position:absolute;\n    display:inline-block;\n    text-align:center;\n    outline: none;\n  \ttop: 45%!important;\n  \tbackground-color:#fff!important;\n}\n#uc_owl_sliding_thumbs_gallery_elementor_27079e9 .owl-nav .owl-next{\n  position:absolute;\n  display:inline-block;\n  text-align:center;\n  outline: none;\n  top: 45%!important;\n  background-color:#fff!important;\n}\n\n#uc_owl_sliding_thumbs_gallery_elementor_27079e9 .ue-thumb-holder\n{\n  display:block;\n}\n\n<\/style>\n\n\t\t\t<div id=\"uc_owl_sliding_thumbs_gallery_elementor_27079e9\" style=\"direction:ltr;\">\n  \n  <div class=\"owl-carousel uc-carousel-sync1\">\n    <div class=\"item\" style=\"background-image:url(https:\/\/proyectonorte.com.ar\/praderas-san-lorenzo\/wp-content\/uploads\/2024\/02\/1.webp);background-size:cover;height:600px;display: flex; align-items: center; justify-content: center; flex-direction: column;\">\n  <div class=\"ue-item-overlay\"><\/div>\n  \n  <div class=\"ue-item-container\">\n        <\/div>\n<\/div>\n<div class=\"item\" style=\"background-image:url(https:\/\/proyectonorte.com.ar\/praderas-san-lorenzo\/wp-content\/uploads\/2024\/02\/2.webp);background-size:cover;height:600px;display: flex; align-items: center; justify-content: center; flex-direction: column;\">\n  <div class=\"ue-item-overlay\"><\/div>\n  \n  <div class=\"ue-item-container\">\n        <\/div>\n<\/div>\n<div class=\"item\" style=\"background-image:url(https:\/\/proyectonorte.com.ar\/praderas-san-lorenzo\/wp-content\/uploads\/2024\/02\/3.webp);background-size:cover;height:600px;display: flex; align-items: center; justify-content: center; flex-direction: column;\">\n  <div class=\"ue-item-overlay\"><\/div>\n  \n  <div class=\"ue-item-container\">\n        <\/div>\n<\/div>\n<div class=\"item\" style=\"background-image:url(https:\/\/proyectonorte.com.ar\/praderas-san-lorenzo\/wp-content\/uploads\/2024\/02\/4.webp);background-size:cover;height:600px;display: flex; align-items: center; justify-content: center; flex-direction: column;\">\n  <div class=\"ue-item-overlay\"><\/div>\n  \n  <div class=\"ue-item-container\">\n        <\/div>\n<\/div>\n<div class=\"item\" style=\"background-image:url(https:\/\/proyectonorte.com.ar\/praderas-san-lorenzo\/wp-content\/uploads\/2024\/02\/5.webp);background-size:cover;height:600px;display: flex; align-items: center; justify-content: center; flex-direction: column;\">\n  <div class=\"ue-item-overlay\"><\/div>\n  \n  <div class=\"ue-item-container\">\n        <\/div>\n<\/div>\n<div class=\"item\" style=\"background-image:url(https:\/\/proyectonorte.com.ar\/praderas-san-lorenzo\/wp-content\/uploads\/2024\/02\/6.webp);background-size:cover;height:600px;display: flex; align-items: center; justify-content: center; flex-direction: column;\">\n  <div class=\"ue-item-overlay\"><\/div>\n  \n  <div class=\"ue-item-container\">\n        <\/div>\n<\/div>\n<div class=\"item\" style=\"background-image:url(https:\/\/proyectonorte.com.ar\/praderas-san-lorenzo\/wp-content\/uploads\/2024\/02\/7.webp);background-size:cover;height:600px;display: flex; align-items: center; justify-content: center; flex-direction: column;\">\n  <div class=\"ue-item-overlay\"><\/div>\n  \n  <div class=\"ue-item-container\">\n        <\/div>\n<\/div>\n\n  <\/div>\n\n  <div class=\"uc-carousel-slider-thumbs-wrapper\">\n\n    <div class=\"owl-carousel uc-carousel-sync2\">\n      <a href=\"#uc_owl_sliding_thumbs_gallery_elementor_27079e9_item1\" class=\"ue-thumb-holder\">\n<div class=\"item ue-thumb\" style=\"background-image:url(https:\/\/proyectonorte.com.ar\/praderas-san-lorenzo\/wp-content\/uploads\/2024\/02\/1.webp);background-size:cover;\"> \n    <\/div>\n    <\/a>\n<a href=\"#uc_owl_sliding_thumbs_gallery_elementor_27079e9_item2\" class=\"ue-thumb-holder\">\n<div class=\"item ue-thumb\" style=\"background-image:url(https:\/\/proyectonorte.com.ar\/praderas-san-lorenzo\/wp-content\/uploads\/2024\/02\/2.webp);background-size:cover;\"> \n    <\/div>\n    <\/a>\n<a href=\"#uc_owl_sliding_thumbs_gallery_elementor_27079e9_item3\" class=\"ue-thumb-holder\">\n<div class=\"item ue-thumb\" style=\"background-image:url(https:\/\/proyectonorte.com.ar\/praderas-san-lorenzo\/wp-content\/uploads\/2024\/02\/3.webp);background-size:cover;\"> \n    <\/div>\n    <\/a>\n<a href=\"#uc_owl_sliding_thumbs_gallery_elementor_27079e9_item4\" class=\"ue-thumb-holder\">\n<div class=\"item ue-thumb\" style=\"background-image:url(https:\/\/proyectonorte.com.ar\/praderas-san-lorenzo\/wp-content\/uploads\/2024\/02\/4.webp);background-size:cover;\"> \n    <\/div>\n    <\/a>\n<a href=\"#uc_owl_sliding_thumbs_gallery_elementor_27079e9_item5\" class=\"ue-thumb-holder\">\n<div class=\"item ue-thumb\" style=\"background-image:url(https:\/\/proyectonorte.com.ar\/praderas-san-lorenzo\/wp-content\/uploads\/2024\/02\/5.webp);background-size:cover;\"> \n    <\/div>\n    <\/a>\n<a href=\"#uc_owl_sliding_thumbs_gallery_elementor_27079e9_item6\" class=\"ue-thumb-holder\">\n<div class=\"item ue-thumb\" style=\"background-image:url(https:\/\/proyectonorte.com.ar\/praderas-san-lorenzo\/wp-content\/uploads\/2024\/02\/6.webp);background-size:cover;\"> \n    <\/div>\n    <\/a>\n<a href=\"#uc_owl_sliding_thumbs_gallery_elementor_27079e9_item7\" class=\"ue-thumb-holder\">\n<div class=\"item ue-thumb\" style=\"background-image:url(https:\/\/proyectonorte.com.ar\/praderas-san-lorenzo\/wp-content\/uploads\/2024\/02\/7.webp);background-size:cover;\"> \n    <\/div>\n    <\/a>\n\n    <\/div>\n\n  <\/div>\n\n<\/div>\n\t\t\t<!-- end Thumbnail Slider -->\t\t\t\t<\/div>\n\t\t\t\t<\/div>\n\t\t\t\t\t<\/div>\n\t\t\t\t<\/div>\n\t\t<div class=\"elementor-element elementor-element-b2700a2 e-con-full e-flex elementor-invisible e-con e-parent\" data-id=\"b2700a2\" data-element_type=\"container\" id=\"ubicacion\" data-settings=\"{&quot;animation&quot;:&quot;fadeInUp&quot;}\">\n\t\t\t\t<div class=\"elementor-element elementor-element-f3eb946 elementor-widget elementor-widget-google_maps\" data-id=\"f3eb946\" data-element_type=\"widget\" data-widget_type=\"google_maps.default\">\n\t\t\t\t<div class=\"elementor-widget-container\">\n\t\t\t\t\t\t\t<div class=\"elementor-custom-embed\">\n\t\t\t<iframe loading=\"lazy\"\n\t\t\t\t\tsrc=\"https:\/\/maps.google.com\/maps?q=Praderas%20de%20San%20Lorenzo%2C%20Av.%20Finca%20Yerba%20Buena%20s%2Fn%2C%20A4400%20Salta&#038;t=m&#038;z=15&#038;output=embed&#038;iwloc=near\"\n\t\t\t\t\ttitle=\"Praderas de San Lorenzo, Av. Finca Yerba Buena s\/n, A4400 Salta\"\n\t\t\t\t\taria-label=\"Praderas de San Lorenzo, Av. Finca Yerba Buena s\/n, A4400 Salta\"\n\t\t\t><\/iframe>\n\t\t<\/div>\n\t\t\t\t\t\t<\/div>\n\t\t\t\t<\/div>\n\t\t\t\t<\/div>\n\t\t\t\t<\/div>\n\t\t","protected":false},"excerpt":{"rendered":"<p>URBANIZACIONESPRADERAS DE SAN LORENZO entrega 2010 SERVICIOS TENDIDO DEGAS NATURAL JUEGOS INFANTILES SISTEMA DE SEPARACI\u00d3N YGESTI\u00d3N DE RESIDUOS TRITUBO PARARED DE DATOS ESPACIOS COMUNESPARQUIZADOS PORTER\u00cdA DE ACCESO CON CONTROL DE INGRESO VIV\u00cd CON EST\u00c1NDARES DE CALIDAD INSUPERABLES. Praderas incluye los m\u00e1s altos est\u00e1ndares de calidad, seguridad y servicios para brindar confort a los usuarios m\u00e1s [&hellip;]<\/p>\n","protected":false},"author":1,"featured_media":0,"parent":0,"menu_order":0,"comment_status":"closed","ping_status":"closed","template":"","meta":{"_joinchat":[],"footnotes":""},"class_list":["post-8","page","type-page","status-publish","hentry"],"_links":{"self":[{"href":"https:\/\/proyectonorte.com.ar\/praderas-san-lorenzo\/index.php\/wp-json\/wp\/v2\/pages\/8","targetHints":{"allow":["GET"]}}],"collection":[{"href":"https:\/\/proyectonorte.com.ar\/praderas-san-lorenzo\/index.php\/wp-json\/wp\/v2\/pages"}],"about":[{"href":"https:\/\/proyectonorte.com.ar\/praderas-san-lorenzo\/index.php\/wp-json\/wp\/v2\/types\/page"}],"author":[{"embeddable":true,"href":"https:\/\/proyectonorte.com.ar\/praderas-san-lorenzo\/index.php\/wp-json\/wp\/v2\/users\/1"}],"replies":[{"embeddable":true,"href":"https:\/\/proyectonorte.com.ar\/praderas-san-lorenzo\/index.php\/wp-json\/wp\/v2\/comments?post=8"}],"version-history":[{"count":317,"href":"https:\/\/proyectonorte.com.ar\/praderas-san-lorenzo\/index.php\/wp-json\/wp\/v2\/pages\/8\/revisions"}],"predecessor-version":[{"id":902,"href":"https:\/\/proyectonorte.com.ar\/praderas-san-lorenzo\/index.php\/wp-json\/wp\/v2\/pages\/8\/revisions\/902"}],"wp:attachment":[{"href":"https:\/\/proyectonorte.com.ar\/praderas-san-lorenzo\/index.php\/wp-json\/wp\/v2\/media?parent=8"}],"curies":[{"name":"wp","href":"https:\/\/api.w.org\/{rel}","templated":true}]}}